{"id":9622,"date":"2022-08-11T23:34:12","date_gmt":"2022-08-11T21:34:12","guid":{"rendered":"https:\/\/yals.rs\/multimedia-competitions\/"},"modified":"2022-10-26T20:02:57","modified_gmt":"2022-10-26T18:02:57","slug":"multimedia-competitions","status":"publish","type":"page","link":"https:\/\/yals.rs\/en\/multimedia-competitions\/","title":{"rendered":"Multimedia competitions"},"content":{"rendered":"\t\t<div data-elementor-type=\"wp-page\" data-elementor-id=\"9622\" class=\"elementor elementor-9622 elementor-6483\">\n\t\t\t\t\t\t<section class=\"elementor-section elementor-top-section elementor-element elementor-element-f799438 elementor-section-boxed elementor-section-height-default elementor-section-height-default\" data-id=\"f799438\" data-element_type=\"section\" data-e-type=\"section\">\n\t\t\t\t\t\t<div class=\"elementor-container elementor-column-gap-default\">\n\t\t\t\t\t<div class=\"elementor-column elementor-col-100 elementor-top-column elementor-element elementor-element-904dbfd\" data-id=\"904dbfd\" data-element_type=\"column\" data-e-type=\"column\">\n\t\t\t<div class=\"elementor-widget-wrap elementor-element-populated\">\n\t\t\t\t\t\t<div class=\"elementor-element elementor-element-1c9659f elementor-widget elementor-widget-avas-timeline\" data-id=\"1c9659f\" data-element_type=\"widget\" data-e-type=\"widget\" data-widget_type=\"avas-timeline.default\">\n\t\t\t\t<div class=\"elementor-widget-container\">\n\t\t\t\t\t\n\n                <div id=\"tx-timeline-1c9659f\" class=\"tx-timeline-wrap\">\n                                                <div class=\"tx-timeline-container\">\n                        <div class=\"tx-timeline-line\">\n                            <div class=\"tx-timeline-line-over\"><\/div>\n                        <\/div>\n                        <div class=\"tx-timeline-icon\">\n                            <i aria-hidden=\"true\" class=\"fas fa-award\"><\/i>                        <\/div>\n                        <div class=\"tx-timeline-content\">\n\n                                                            <div class=\"zoom-thumb featured-thumb\">\n                                    <a href=\"https:\/\/yals.rs\/en\/the-report-on-the-literary-and-multimedia-contest-yals-2024-2025\/\" title=\"The report on the literary and multimedia contest Yals 2024 \u2013 2025\"><img fetchpriority=\"high\" decoding=\"async\" width=\"460\" height=\"300\" src=\"https:\/\/yals.rs\/wp-content\/uploads\/2025\/05\/yals-2025-takmicenje-460x300.jpg\" class=\"attachment-tx-timeline-thumb size-tx-timeline-thumb wp-post-image\" alt=\"\" \/><\/a>\n                                <\/div>\n                            \n                                                            <h3><a href=\"https:\/\/yals.rs\/en\/the-report-on-the-literary-and-multimedia-contest-yals-2024-2025\/\" title=\"The report on the literary and multimedia contest Yals 2024 \u2013 2025\" rel=\"bookmark\">The report on the literary and multimedia contest Yals 2024 \u2013 2025<\/a><\/h3>\n                            \n                                                            <div class=\"tx-timeline-custom-excerpt\">The report on the literary and multimedia contest Yals 2024 \u2013 2025 The months of March and April 2025, at Yals schools, were dedicated<\/div>\n                                                        \n                                                            <span class=\"tx-timeline-date\"><span class=\"post-time\"><i class=\"bi bi-clock\"><\/i> 18\/05\/2025<\/span><\/span>\n                            \n                        <\/div><!-- tx-timeline-content -->\n                    <\/div><!-- tx-timeline-container -->\n                                    <div class=\"tx-timeline-container\">\n                        <div class=\"tx-timeline-line\">\n                            <div class=\"tx-timeline-line-over\"><\/div>\n                        <\/div>\n                        <div class=\"tx-timeline-icon\">\n                            <i aria-hidden=\"true\" class=\"fas fa-award\"><\/i>                        <\/div>\n                        <div class=\"tx-timeline-content\">\n\n                                                            <div class=\"zoom-thumb featured-thumb\">\n                                    <a href=\"https:\/\/yals.rs\/en\/the-report-on-the-literary-and-multimedia-contest-yals-2023-2024\/\" title=\"The report on the literary and multimedia contest Yals 2023 &#8211; 2024\"><img decoding=\"async\" width=\"460\" height=\"300\" src=\"https:\/\/yals.rs\/wp-content\/uploads\/2023\/06\/yals-literarno-takmicenje-2023-460x300.jpg\" class=\"attachment-tx-timeline-thumb size-tx-timeline-thumb wp-post-image\" alt=\"\" \/><\/a>\n                                <\/div>\n                            \n                                                            <h3><a href=\"https:\/\/yals.rs\/en\/the-report-on-the-literary-and-multimedia-contest-yals-2023-2024\/\" title=\"The report on the literary and multimedia contest Yals 2023 &#8211; 2024\" rel=\"bookmark\">The report on the literary and multimedia contest Yals 2023 &#8211; 2024<\/a><\/h3>\n                            \n                                                            <div class=\"tx-timeline-custom-excerpt\">Literary contest \u00a0&#8211; English Level A1 Name School Place 1 Jana Luketa Blue moon Kula I 2 Du\u0161an Ili\u0107 Centar Britannica Ni\u0161 I 3<\/div>\n                                                        \n                                                            <span class=\"tx-timeline-date\"><span class=\"post-time\"><i class=\"bi bi-clock\"><\/i> 17\/05\/2024<\/span><\/span>\n                            \n                        <\/div><!-- tx-timeline-content -->\n                    <\/div><!-- tx-timeline-container -->\n                                    <div class=\"tx-timeline-container\">\n                        <div class=\"tx-timeline-line\">\n                            <div class=\"tx-timeline-line-over\"><\/div>\n                        <\/div>\n                        <div class=\"tx-timeline-icon\">\n                            <i aria-hidden=\"true\" class=\"fas fa-award\"><\/i>                        <\/div>\n                        <div class=\"tx-timeline-content\">\n\n                                                            <div class=\"zoom-thumb featured-thumb\">\n                                    <a href=\"https:\/\/yals.rs\/en\/yals-2019-multimedia-competition-winners\/\" title=\"YALS 2019 multimedia competition winners\"><img decoding=\"async\" width=\"460\" height=\"300\" src=\"https:\/\/yals.rs\/wp-content\/uploads\/2019\/06\/Pobednici-multimedijalnog-takmicenja-YALS-2019-460x300.jpg\" class=\"attachment-tx-timeline-thumb size-tx-timeline-thumb wp-post-image\" alt=\"\" \/><\/a>\n                                <\/div>\n                            \n                                                            <h3><a href=\"https:\/\/yals.rs\/en\/yals-2019-multimedia-competition-winners\/\" title=\"YALS 2019 multimedia competition winners\" rel=\"bookmark\">YALS 2019 multimedia competition winners<\/a><\/h3>\n                            \n                                                            <div class=\"tx-timeline-custom-excerpt\">Ea: 1st. Place Animals (an oral presentation) Vuk Popovi\u0107, Jana Radulovi\u0107, Rastko Dimitrijevi\u0107, Minja Vojvodi\u0107, Nika Tasi\u0107 Britannica \u2013 Ni\u0161 A1: 1st. Place An\u0111elka<\/div>\n                                                        \n                                                            <span class=\"tx-timeline-date\"><span class=\"post-time\"><i class=\"bi bi-clock\"><\/i> 10\/06\/2019<\/span><\/span>\n                            \n                        <\/div><!-- tx-timeline-content -->\n                    <\/div><!-- tx-timeline-container -->\n                                    <div class=\"tx-timeline-container\">\n                        <div class=\"tx-timeline-line\">\n                            <div class=\"tx-timeline-line-over\"><\/div>\n                        <\/div>\n                        <div class=\"tx-timeline-icon\">\n                            <i aria-hidden=\"true\" class=\"fas fa-award\"><\/i>                        <\/div>\n                        <div class=\"tx-timeline-content\">\n\n                                                            <div class=\"zoom-thumb featured-thumb\">\n                                    <a href=\"https:\/\/yals.rs\/en\/yals-2018-multimedia-competition-winners\/\" title=\"YALS 2018 multimedia competition winners\"><img loading=\"lazy\" decoding=\"async\" width=\"460\" height=\"300\" src=\"https:\/\/yals.rs\/wp-content\/uploads\/2018\/05\/Pobednici-multimedijalnog-takmicenja-YALS-2018-460x300.jpg\" class=\"attachment-tx-timeline-thumb size-tx-timeline-thumb wp-post-image\" alt=\"\" \/><\/a>\n                                <\/div>\n                            \n                                                            <h3><a href=\"https:\/\/yals.rs\/en\/yals-2018-multimedia-competition-winners\/\" title=\"YALS 2018 multimedia competition winners\" rel=\"bookmark\">YALS 2018 multimedia competition winners<\/a><\/h3>\n                            \n                                                            <div class=\"tx-timeline-custom-excerpt\">A1 1st. Place Lingva \u2013 Sara \u0160ulovi\u0107, Filip Savi\u0107, Nemanja Koji\u0107, Ognjen Kova\u010devi\u0107, Sta\u0161a \u0110uki\u0107, Anja Mati\u0107, Mina Markovi\u0107, Neda Munji\u0107, Magdalena Obu\u0107ina and<\/div>\n                                                        \n                                                            <span class=\"tx-timeline-date\"><span class=\"post-time\"><i class=\"bi bi-clock\"><\/i> 20\/05\/2018<\/span><\/span>\n                            \n                        <\/div><!-- tx-timeline-content -->\n                    <\/div><!-- tx-timeline-container -->\n                                    <div class=\"tx-timeline-container\">\n                        <div class=\"tx-timeline-line\">\n                            <div class=\"tx-timeline-line-over\"><\/div>\n                        <\/div>\n                        <div class=\"tx-timeline-icon\">\n                            <i aria-hidden=\"true\" class=\"fas fa-award\"><\/i>                        <\/div>\n                        <div class=\"tx-timeline-content\">\n\n                                                            <div class=\"zoom-thumb featured-thumb\">\n                                    <a href=\"https:\/\/yals.rs\/en\/yals-2017-multimedia-competition-winners\/\" title=\"YALS 2017 Multimedia Competition Winners\"><img loading=\"lazy\" decoding=\"async\" width=\"460\" height=\"300\" src=\"https:\/\/yals.rs\/wp-content\/uploads\/2017\/05\/Pobednici-multimedijalnog-takmicenja-YALS-2017-460x300.jpg\" class=\"attachment-tx-timeline-thumb size-tx-timeline-thumb wp-post-image\" alt=\"\" \/><\/a>\n                                <\/div>\n                            \n                                                            <h3><a href=\"https:\/\/yals.rs\/en\/yals-2017-multimedia-competition-winners\/\" title=\"YALS 2017 Multimedia Competition Winners\" rel=\"bookmark\">YALS 2017 Multimedia Competition Winners<\/a><\/h3>\n                            \n                                                            <div class=\"tx-timeline-custom-excerpt\">A1 1st. Place An\u0111ela Radosavljevi\u0107 (Lego pri\u010de), Lingva 2nd. Place Mihaela Spi\u0161jak, Katarina Stamenkovi\u0107, Gorana Jakovljevi\u0107, An\u0111ela Petrovi\u0107, Anabela Bogi\u0107evi\u0107, Andarija Gruji\u0107, Teodor Mitrovi\u0107<\/div>\n                                                        \n                                                            <span class=\"tx-timeline-date\"><span class=\"post-time\"><i class=\"bi bi-clock\"><\/i> 11\/05\/2017<\/span><\/span>\n                            \n                        <\/div><!-- tx-timeline-content -->\n                    <\/div><!-- tx-timeline-container -->\n                                    <div class=\"tx-timeline-container\">\n                        <div class=\"tx-timeline-line\">\n                            <div class=\"tx-timeline-line-over\"><\/div>\n                        <\/div>\n                        <div class=\"tx-timeline-icon\">\n                            <i aria-hidden=\"true\" class=\"fas fa-award\"><\/i>                        <\/div>\n                        <div class=\"tx-timeline-content\">\n\n                                                            <div class=\"zoom-thumb featured-thumb\">\n                                    <a href=\"https:\/\/yals.rs\/en\/yals-2016-multimedia-competition-winners\/\" title=\"YALS 2016 multimedia competition winners\"><img loading=\"lazy\" decoding=\"async\" width=\"460\" height=\"300\" src=\"https:\/\/yals.rs\/wp-content\/uploads\/2016\/05\/kalinaswolftownproblem-f-460x300.jpg\" class=\"attachment-tx-timeline-thumb size-tx-timeline-thumb wp-post-image\" alt=\"\" \/><\/a>\n                                <\/div>\n                            \n                                                            <h3><a href=\"https:\/\/yals.rs\/en\/yals-2016-multimedia-competition-winners\/\" title=\"YALS 2016 multimedia competition winners\" rel=\"bookmark\">YALS 2016 multimedia competition winners<\/a><\/h3>\n                            \n                                                            <div class=\"tx-timeline-custom-excerpt\">A1 1st place Petra Maksimovi\u0107 &amp; Stefan Ani\u010di\u0107, (Oral Presentations),Lingva 2nd place Petra Maksimovi\u0107 &amp; Nina Peri\u0107, (Electronic Posters), Lingva A2 1st place Sta\u0161a<\/div>\n                                                        \n                                                            <span class=\"tx-timeline-date\"><span class=\"post-time\"><i class=\"bi bi-clock\"><\/i> 03\/05\/2016<\/span><\/span>\n                            \n                        <\/div><!-- tx-timeline-content -->\n                    <\/div><!-- tx-timeline-container -->\n                                    <div class=\"tx-timeline-container\">\n                        <div class=\"tx-timeline-line\">\n                            <div class=\"tx-timeline-line-over\"><\/div>\n                        <\/div>\n                        <div class=\"tx-timeline-icon\">\n                            <i aria-hidden=\"true\" class=\"fas fa-award\"><\/i>                        <\/div>\n                        <div class=\"tx-timeline-content\">\n\n                                                            <div class=\"zoom-thumb featured-thumb\">\n                                    <a href=\"https:\/\/yals.rs\/en\/yals-2014-multimedia-competition-winners\/\" title=\"YALS 2014 multimedia competition winners\"><img loading=\"lazy\" decoding=\"async\" width=\"460\" height=\"300\" src=\"https:\/\/yals.rs\/wp-content\/uploads\/2014\/05\/Lora-Milica-David-Andrijana-Sasa-Uros-Aleksa-Stefan-Leonardo-Nikola-Nemanja-Lingva-Va-f-460x300.jpg\" class=\"attachment-tx-timeline-thumb size-tx-timeline-thumb wp-post-image\" alt=\"\" \/><\/a>\n                                <\/div>\n                            \n                                                            <h3><a href=\"https:\/\/yals.rs\/en\/yals-2014-multimedia-competition-winners\/\" title=\"YALS 2014 multimedia competition winners\" rel=\"bookmark\">YALS 2014 multimedia competition winners<\/a><\/h3>\n                            \n                                                            <div class=\"tx-timeline-custom-excerpt\">A1 1st place Me and My Best Friend\u00a0(E-Posters),\u00a0Lingva Matija i Marko Radovanovi\u0107 2nd place Quetzal\u00a0(Oral presentation), Lingva Teodora Belji\u0107 3rd place Me and My<\/div>\n                                                        \n                                                            <span class=\"tx-timeline-date\"><span class=\"post-time\"><i class=\"bi bi-clock\"><\/i> 22\/05\/2014<\/span><\/span>\n                            \n                        <\/div><!-- tx-timeline-content -->\n                    <\/div><!-- tx-timeline-container -->\n                                                        <\/div><!-- tx-timeline-wrap -->\n        \n\n        \n\n\t\t\t\t<\/div>\n\t\t\t\t<\/div>\n\t\t\t\t\t<\/div>\n\t\t<\/div>\n\t\t\t\t\t<\/div>\n\t\t<\/section>\n\t\t\t\t<\/div>\n\t\t","protected":false},"excerpt":{"rendered":"<p class=\"tx-excerpt\">Pobednici multimedijalnog takmi\u010denja YALS 2019 Ea: 1. mesto Animals (an oral presentation) Vuk Popovi\u0107, Jana Radulovi\u0107, Rastko Dimitrijevi\u0107, Minja Vojvodi\u0107, Nika Tasi\u0107 Britannica \u2013 Ni\u0161...<\/p>","protected":false},"author":1,"featured_media":0,"parent":0,"menu_order":0,"comment_status":"closed","ping_status":"closed","template":"","meta":{"footnotes":""},"class_list":["post-9622","page","type-page","status-publish","hentry"],"aioseo_notices":[],"_links":{"self":[{"href":"https:\/\/yals.rs\/en\/wp-json\/wp\/v2\/pages\/9622","targetHints":{"allow":["GET"]}}],"collection":[{"href":"https:\/\/yals.rs\/en\/wp-json\/wp\/v2\/pages"}],"about":[{"href":"https:\/\/yals.rs\/en\/wp-json\/wp\/v2\/types\/page"}],"author":[{"embeddable":true,"href":"https:\/\/yals.rs\/en\/wp-json\/wp\/v2\/users\/1"}],"replies":[{"embeddable":true,"href":"https:\/\/yals.rs\/en\/wp-json\/wp\/v2\/comments?post=9622"}],"version-history":[{"count":0,"href":"https:\/\/yals.rs\/en\/wp-json\/wp\/v2\/pages\/9622\/revisions"}],"wp:attachment":[{"href":"https:\/\/yals.rs\/en\/wp-json\/wp\/v2\/media?parent=9622"}],"curies":[{"name":"wp","href":"https:\/\/api.w.org\/{rel}","templated":true}]}}